{"id":17,"date":"2016-02-22T10:38:31","date_gmt":"2016-02-22T10:38:31","guid":{"rendered":"http:\/\/bridge10.qodeinteractive.com\/?page_id=17"},"modified":"2019-09-25T07:44:16","modified_gmt":"2019-09-25T07:44:16","slug":"qui-sommes-nous","status":"publish","type":"page","link":"https:\/\/www.re-play.ch\/fr\/qui-sommes-nous\/","title":{"rendered":"Qui sommes nous?"},"content":{"rendered":"[vc_row css_animation=\u00a0\u00bb\u00a0\u00bb row_type=\u00a0\u00bbrow\u00a0\u00bb use_row_as_full_screen_section=\u00a0\u00bbyes\u00a0\u00bb type=\u00a0\u00bbgrid\u00a0\u00bb angled_section=\u00a0\u00bbno\u00a0\u00bb text_align=\u00a0\u00bbcenter\u00a0\u00bb background_image_as_pattern=\u00a0\u00bbwithout_pattern\u00a0\u00bb z_index=\u00a0\u00bb\u00a0\u00bb css=\u00a0\u00bb.vc_custom_1569253157314{background-color: #000000 !important;}\u00a0\u00bb][vc_column offset=\u00a0\u00bbvc_col-lg-offset-2 vc_col-lg-8 vc_col-md-offset-2 vc_col-md-8&Prime;][vc_column_text]\n<h2><span style=\"color: #ffffff;\">1. UNE AGENCE 360\u00b0<\/span><\/h2>\n[\/vc_column_text][vc_separator type=\u00a0\u00bbtransparent\u00a0\u00bb thickness=\u00a0\u00bb0&Prime; up=\u00a0\u00bb61&Prime; down=\u00a0\u00bb0&Prime;][vc_column_text]\n<h5><span style=\"color: #ffffff;\">Strat\u00e9gie email marketing, web design, SEM, campagnes d&rsquo;affiliation&#8230; Nous avons des experts pour chacune de vos probl\u00e9matiques en marketing digital.<\/span><\/h5>\n[\/vc_column_text][vc_separator type=\u00a0\u00bbtransparent\u00a0\u00bb thickness=\u00a0\u00bb0&Prime; up=\u00a0\u00bb120&Prime; down=\u00a0\u00bb0&Prime;][\/vc_column][\/vc_row][vc_row css_animation=\u00a0\u00bb\u00a0\u00bb row_type=\u00a0\u00bbrow\u00a0\u00bb use_row_as_full_screen_section=\u00a0\u00bbyes\u00a0\u00bb type=\u00a0\u00bbgrid\u00a0\u00bb angled_section=\u00a0\u00bbno\u00a0\u00bb text_align=\u00a0\u00bbcenter\u00a0\u00bb background_image_as_pattern=\u00a0\u00bbwithout_pattern\u00a0\u00bb z_index=\u00a0\u00bb\u00a0\u00bb css=\u00a0\u00bb.vc_custom_1569253167304{background-color: #000000 !important;}\u00a0\u00bb][vc_column offset=\u00a0\u00bbvc_col-lg-offset-2 vc_col-lg-8 vc_col-md-offset-2 vc_col-md-8&Prime;][vc_column_text]\n<h2><span style=\"color: #ffffff;\">2. EN TOUTE SIMPLICIT\u00c9<\/span><\/h2>\n[\/vc_column_text][vc_separator type=\u00a0\u00bbtransparent\u00a0\u00bb thickness=\u00a0\u00bb0&Prime; up=\u00a0\u00bb61&Prime; down=\u00a0\u00bb0&Prime;][vc_column_text]\n<h5><span style=\"color: #ffffff;\">Chez Replay, notre capacit\u00e9 \u00e0 r\u00e9duire la complexit\u00e9 et \u00e0 d\u00e9livrer un\u00a0savoir-faire marketing bas\u00e9s sur une proposition simple nous a permis de travailler avec de nombreux\u00a0clients \u00e9voluants dans les secteurs du marketing digital.<\/span><\/h5>\n[\/vc_column_text][vc_separator type=\u00a0\u00bbtransparent\u00a0\u00bb thickness=\u00a0\u00bb0&Prime; up=\u00a0\u00bb120&Prime; down=\u00a0\u00bb0&Prime;][\/vc_column][\/vc_row][vc_row css_animation=\u00a0\u00bb\u00a0\u00bb row_type=\u00a0\u00bbrow\u00a0\u00bb use_row_as_full_screen_section=\u00a0\u00bbyes\u00a0\u00bb type=\u00a0\u00bbgrid\u00a0\u00bb angled_section=\u00a0\u00bbno\u00a0\u00bb text_align=\u00a0\u00bbcenter\u00a0\u00bb background_image_as_pattern=\u00a0\u00bbwithout_pattern\u00a0\u00bb z_index=\u00a0\u00bb\u00a0\u00bb css=\u00a0\u00bb.vc_custom_1569253175517{background-color: #000000 !important;}\u00a0\u00bb][vc_column offset=\u00a0\u00bbvc_col-lg-offset-2 vc_col-lg-8 vc_col-md-offset-2 vc_col-md-8&Prime;][vc_column_text]\n<h2><span style=\"color: #ffffff;\">3. MOTIV\u00c9E PAR LE CHALLENGE<\/span><\/h2>\n[\/vc_column_text][vc_separator type=\u00a0\u00bbtransparent\u00a0\u00bb thickness=\u00a0\u00bb0&Prime; up=\u00a0\u00bb61&Prime; down=\u00a0\u00bb0&Prime;][vc_column_text]\n<h5><span style=\"color: #ffffff;\">Nous explorons constamment de nouvelles solutions\u00a0pour mieux r\u00e9pondre aux besoins de nos clients. Nos \u00e9quipes\u00a0proposent des solutions marketing\u00a0qui vous permettront de surpasser vos objectifs.<\/span><\/h5>\n[\/vc_column_text][vc_separator type=\u00a0\u00bbtransparent\u00a0\u00bb thickness=\u00a0\u00bb0&Prime; up=\u00a0\u00bb120&Prime; down=\u00a0\u00bb0&Prime;][\/vc_column][\/vc_row][vc_row css_animation=\u00a0\u00bb\u00a0\u00bb row_type=\u00a0\u00bbrow\u00a0\u00bb use_row_as_full_screen_section=\u00a0\u00bbyes\u00a0\u00bb type=\u00a0\u00bbgrid\u00a0\u00bb angled_section=\u00a0\u00bbno\u00a0\u00bb text_align=\u00a0\u00bbcenter\u00a0\u00bb background_image_as_pattern=\u00a0\u00bbwithout_pattern\u00a0\u00bb z_index=\u00a0\u00bb\u00a0\u00bb css=\u00a0\u00bb.vc_custom_1569253182189{background-color: #000000 !important;}\u00a0\u00bb][vc_column offset=\u00a0\u00bbvc_col-lg-offset-2 vc_col-lg-8 vc_col-md-offset-2 vc_col-md-8&Prime;][vc_column_text]\n<h2><span style=\"color: #ffffff;\">4. DES TALENTS DIVERSIFI\u00c9S<\/span><\/h2>\n[\/vc_column_text][vc_separator type=\u00a0\u00bbtransparent\u00a0\u00bb thickness=\u00a0\u00bb0&Prime; up=\u00a0\u00bb61&Prime; down=\u00a0\u00bb0&Prime;][vc_column_text]\n<h5><span style=\"color: #ffffff;\">Chaque personnes jouent un r\u00f4le majeur au sein de nos \u00e9quipes. \u00a0Nous nous concentrons sur le ROI et nous savons que cela demande de l&rsquo;ambition, de la curiosit\u00e9, un peu de talent et une forte connaissance du marketing digital.<\/span><\/h5>\n[\/vc_column_text][vc_separator type=\u00a0\u00bbtransparent\u00a0\u00bb thickness=\u00a0\u00bb0&Prime; up=\u00a0\u00bb120&Prime; down=\u00a0\u00bb0&Prime;][\/vc_column][\/vc_row]\n","protected":false},"excerpt":{"rendered":"<p>[vc_row css_animation=\u00a0\u00bb\u00a0\u00bb row_type=\u00a0\u00bbrow\u00a0\u00bb use_row_as_full_screen_section=\u00a0\u00bbyes\u00a0\u00bb type=\u00a0\u00bbgrid\u00a0\u00bb angled_section=\u00a0\u00bbno\u00a0\u00bb text_align=\u00a0\u00bbcenter\u00a0\u00bb background_image_as_pattern=\u00a0\u00bbwithout_pattern\u00a0\u00bb z_index=\u00a0\u00bb\u00a0\u00bb css=\u00a0\u00bb.vc_custom_1569253157314{background-color: #000000 !important;}\u00a0\u00bb][vc_column offset=\u00a0\u00bbvc_col-lg-offset-2 vc_col-lg-8 vc_col-md-offset-2 vc_col-md-8&Prime;][vc_column_text] 1. UNE AGENCE 360\u00b0 [\/vc_column_text][vc_separator type=\u00a0\u00bbtransparent\u00a0\u00bb thickness=\u00a0\u00bb0&Prime; up=\u00a0\u00bb61&Prime; down=\u00a0\u00bb0&Prime;][vc_column_text] Strat\u00e9gie email marketing, web design,&#8230;<\/p>\n","protected":false},"author":1,"featured_media":0,"parent":0,"menu_order":0,"comment_status":"closed","ping_status":"closed","template":"full_screen.php","meta":{"footnotes":""},"_links":{"self":[{"href":"https:\/\/www.re-play.ch\/fr\/wp-json\/wp\/v2\/pages\/17"}],"collection":[{"href":"https:\/\/www.re-play.ch\/fr\/wp-json\/wp\/v2\/pages"}],"about":[{"href":"https:\/\/www.re-play.ch\/fr\/wp-json\/wp\/v2\/types\/page"}],"author":[{"embeddable":true,"href":"https:\/\/www.re-play.ch\/fr\/wp-json\/wp\/v2\/users\/1"}],"replies":[{"embeddable":true,"href":"https:\/\/www.re-play.ch\/fr\/wp-json\/wp\/v2\/comments?post=17"}],"version-history":[{"count":26,"href":"https:\/\/www.re-play.ch\/fr\/wp-json\/wp\/v2\/pages\/17\/revisions"}],"predecessor-version":[{"id":13182,"href":"https:\/\/www.re-play.ch\/fr\/wp-json\/wp\/v2\/pages\/17\/revisions\/13182"}],"wp:attachment":[{"href":"https:\/\/www.re-play.ch\/fr\/wp-json\/wp\/v2\/media?parent=17"}],"curies":[{"name":"wp","href":"https:\/\/api.w.org\/{rel}","templated":true}]}}