{"id":19,"date":"2016-02-22T10:38:55","date_gmt":"2016-02-22T10:38:55","guid":{"rendered":"http:\/\/bridge10.qodeinteractive.com\/?page_id=19"},"modified":"2023-01-09T13:20:50","modified_gmt":"2023-01-09T13:20:50","slug":"notre-expertise","status":"publish","type":"page","link":"https:\/\/www.re-play.ch\/fr\/notre-expertise\/","title":{"rendered":"Notre expertise"},"content":{"rendered":"[vc_row full_width=\u00a0\u00bbstretch_row\u00a0\u00bb gap=\u00a0\u00bb10&Prime; full_height=\u00a0\u00bbyes\u00a0\u00bb row_type=\u00a0\u00bbrow\u00a0\u00bb use_row_as_full_screen_section=\u00a0\u00bbyes\u00a0\u00bb type=\u00a0\u00bbgrid\u00a0\u00bb angled_section=\u00a0\u00bbno\u00a0\u00bb text_align=\u00a0\u00bbleft\u00a0\u00bb background_image_as_pattern=\u00a0\u00bbwithout_pattern\u00a0\u00bb z_index=\u00a0\u00bb\u00a0\u00bb css=\u00a0\u00bb.vc_custom_1673270392582{padding-right: 50px !important;padding-left: 50px !important;background: #000000 url(https:\/\/www.re-play.ch\/wp-content\/uploads\/2019\/09\/target.jpg?id=13195) !important;background-position: center !important;background-repeat: no-repeat !important;background-size: cover !important;}\u00a0\u00bb background_image=\u00a0\u00bb13195&Prime;][vc_column width=\u00a0\u00bb1\/2&Prime; offset=\u00a0\u00bbvc_col-lg-offset-0 vc_col-md-offset-0&Prime;][vc_column_text]\n<h2><span style=\"color: #ffffff;\">EMAIL MARKETING<\/span><\/h2>\n[\/vc_column_text][vc_separator type=\u00a0\u00bbtransparent\u00a0\u00bb thickness=\u00a0\u00bb0&Prime; up=\u00a0\u00bb61&Prime; down=\u00a0\u00bb0&Prime;][vc_column_text]\n<h5><span style=\"color: #ffffff;\">Des campagnes d&#8217;emailing cibl\u00e9es et optimis\u00e9es pour vos consommateurs.<br \/>\nGagnez du temps et de l&rsquo;argent gr\u00e2ce \u00e0 l&#8217;email automation.<\/span><\/h5>\n[\/vc_column_text][\/vc_column][vc_column width=\u00a0\u00bb1\/2&Prime;][\/vc_column][\/vc_row][vc_row full_height=\u00a0\u00bbyes\u00a0\u00bb row_type=\u00a0\u00bbrow\u00a0\u00bb use_row_as_full_screen_section=\u00a0\u00bbyes\u00a0\u00bb type=\u00a0\u00bbgrid\u00a0\u00bb angled_section=\u00a0\u00bbno\u00a0\u00bb text_align=\u00a0\u00bbleft\u00a0\u00bb background_image_as_pattern=\u00a0\u00bbwithout_pattern\u00a0\u00bb z_index=\u00a0\u00bb\u00a0\u00bb css=\u00a0\u00bb.vc_custom_1673270396182{padding-right: 50px !important;padding-left: 50px !important;background: #000000 url(https:\/\/www.re-play.ch\/wp-content\/uploads\/2019\/09\/sem-2.jpg?id=13207) !important;background-position: center !important;background-repeat: no-repeat !important;background-size: cover !important;}\u00a0\u00bb][vc_column width=\u00a0\u00bb1\/2&Prime; offset=\u00a0\u00bbvc_col-lg-offset-0 vc_col-md-offset-0&Prime;][\/vc_column][vc_column width=\u00a0\u00bb1\/2&Prime;][vc_column_text]\n<h2><span style=\"color: #ffffff;\">SEM<\/span><\/h2>\n[\/vc_column_text][vc_separator type=\u00a0\u00bbtransparent\u00a0\u00bb thickness=\u00a0\u00bb0&Prime; up=\u00a0\u00bb61&Prime; down=\u00a0\u00bb0&Prime;][vc_column_text]\n<h5><span style=\"color: #ffffff;\">En utilisant des mots cl\u00e9s, des donn\u00e9es d\u00e9mographiques, des centres d\u2019int\u00e9r\u00eat, des bases de donn\u00e9es&#8230; nous vous aiderons \u00e0 atteindre les personnes int\u00e9ress\u00e9es par vos offres.<\/span><\/h5>\n[\/vc_column_text][\/vc_column][\/vc_row][vc_row full_height=\u00a0\u00bbyes\u00a0\u00bb row_type=\u00a0\u00bbrow\u00a0\u00bb use_row_as_full_screen_section=\u00a0\u00bbyes\u00a0\u00bb type=\u00a0\u00bbgrid\u00a0\u00bb angled_section=\u00a0\u00bbno\u00a0\u00bb text_align=\u00a0\u00bbleft\u00a0\u00bb background_image_as_pattern=\u00a0\u00bbwithout_pattern\u00a0\u00bb z_index=\u00a0\u00bb\u00a0\u00bb css=\u00a0\u00bb.vc_custom_1673270418100{padding-right: 50px !important;padding-left: 50px !important;background: #000000 url(https:\/\/www.re-play.ch\/wp-content\/uploads\/2019\/09\/affiliate.jpg?id=13210) !important;background-position: center !important;background-repeat: no-repeat !important;background-size: cover !important;}\u00a0\u00bb][vc_column width=\u00a0\u00bb1\/2&Prime; offset=\u00a0\u00bbvc_col-lg-offset-0 vc_col-md-offset-0&Prime;][vc_column_text]\n<h2><span style=\"color: #ffffff;\">AFFILIATION<\/span><\/h2>\n[\/vc_column_text][vc_separator type=\u00a0\u00bbtransparent\u00a0\u00bb thickness=\u00a0\u00bb0&Prime; up=\u00a0\u00bb61&Prime; down=\u00a0\u00bb0&Prime;][vc_column_text]\n<h5><span style=\"color: #ffffff;\">L&rsquo;Affiliation est bas\u00e9 sur un mod\u00e8le de co\u00fbt par acquisition (CPA). Vous b\u00e9n\u00e9ficiez d&rsquo;une visibilit\u00e9 accrue, d&rsquo;un contr\u00f4le sur les commissions et d&rsquo;un acc\u00e8s \u00e0 un pool de talents li\u00e9s \u00e0 votre activit\u00e9, ce qui en fait un vrai g\u00e9n\u00e9rateur de revenus pour votre entreprise.<\/span><\/h5>\n[\/vc_column_text][\/vc_column][vc_column width=\u00a0\u00bb1\/2&Prime;][\/vc_column][\/vc_row][vc_row full_height=\u00a0\u00bbyes\u00a0\u00bb row_type=\u00a0\u00bbrow\u00a0\u00bb use_row_as_full_screen_section=\u00a0\u00bbyes\u00a0\u00bb type=\u00a0\u00bbgrid\u00a0\u00bb angled_section=\u00a0\u00bbno\u00a0\u00bb text_align=\u00a0\u00bbleft\u00a0\u00bb background_image_as_pattern=\u00a0\u00bbwithout_pattern\u00a0\u00bb z_index=\u00a0\u00bb\u00a0\u00bb css=\u00a0\u00bb.vc_custom_1673270411335{padding-right: 50px !important;padding-left: 50px !important;background: #000000 url(https:\/\/www.re-play.ch\/wp-content\/uploads\/2019\/09\/webdesign-1.jpg?id=13216) !important;background-position: center !important;background-repeat: no-repeat !important;background-size: cover !important;}\u00a0\u00bb][vc_column width=\u00a0\u00bb1\/2&Prime; offset=\u00a0\u00bbvc_col-lg-offset-0 vc_col-md-offset-0&Prime;][\/vc_column][vc_column width=\u00a0\u00bb1\/2&Prime;][vc_column_text]\n<h2><span style=\"color: #ffffff;\">WEB DESIGN<\/span><\/h2>\n[\/vc_column_text][vc_separator type=\u00a0\u00bbtransparent\u00a0\u00bb thickness=\u00a0\u00bb0&Prime; up=\u00a0\u00bb61&Prime; down=\u00a0\u00bb0&Prime;][vc_column_text]\n<h5><span style=\"color: #ffffff;\">En s&rsquo;appuyant sur l\u2019UX pour concevoir nos sites Web, nous designons des sites qui \u00ab\u00a0racontent l\u2019histoire de votre marque\u00a0\u00bb et offrent une exp\u00e9rience utilisateur intuitive.<\/span><\/h5>\n[\/vc_column_text][\/vc_column][\/vc_row][vc_row full_height=\u00a0\u00bbyes\u00a0\u00bb row_type=\u00a0\u00bbrow\u00a0\u00bb use_row_as_full_screen_section=\u00a0\u00bbyes\u00a0\u00bb type=\u00a0\u00bbgrid\u00a0\u00bb angled_section=\u00a0\u00bbno\u00a0\u00bb text_align=\u00a0\u00bbleft\u00a0\u00bb background_image_as_pattern=\u00a0\u00bbwithout_pattern\u00a0\u00bb z_index=\u00a0\u00bb\u00a0\u00bb css=\u00a0\u00bb.vc_custom_1673270449368{padding-right: 50px !important;padding-left: 50px !important;background: #000000 url(https:\/\/www.re-play.ch\/wp-content\/uploads\/2019\/09\/data.jpg?id=13219) !important;background-position: center !important;background-repeat: no-repeat !important;background-size: cover !important;}\u00a0\u00bb][vc_column width=\u00a0\u00bb1\/2&Prime; offset=\u00a0\u00bbvc_col-lg-offset-0 vc_col-md-offset-0&Prime;][vc_column_text]\n<h2><span style=\"color: #ffffff;\">ANALYSE DE DONN\u00c9ES<\/span><\/h2>\n[\/vc_column_text][vc_separator type=\u00a0\u00bbtransparent\u00a0\u00bb thickness=\u00a0\u00bb0&Prime; up=\u00a0\u00bb61&Prime; down=\u00a0\u00bb0&Prime;][vc_column_text]\n<h5><span style=\"color: #ffffff;\">En comprenant d&rsquo;o\u00f9 provient votre trafic et quels canaux convertissent le mieux, vous aurez les \u00e9l\u00e9ments n\u00e9cessaires pour vous concentrer sur les domaines qui n\u00e9cessitent une r\u00e9elle attention. Nous am\u00e9liorerons les performances globales de votre trafic et les conversions de votre site internet.<\/span><\/h5>\n[\/vc_column_text][\/vc_column][vc_column width=\u00a0\u00bb1\/2&Prime;][\/vc_column][\/vc_row][vc_row full_height=\u00a0\u00bbyes\u00a0\u00bb row_type=\u00a0\u00bbrow\u00a0\u00bb use_row_as_full_screen_section=\u00a0\u00bbyes\u00a0\u00bb type=\u00a0\u00bbgrid\u00a0\u00bb angled_section=\u00a0\u00bbno\u00a0\u00bb text_align=\u00a0\u00bbleft\u00a0\u00bb background_image_as_pattern=\u00a0\u00bbwithout_pattern\u00a0\u00bb z_index=\u00a0\u00bb\u00a0\u00bb css=\u00a0\u00bb.vc_custom_1673270422722{padding-right: 50px !important;padding-left: 50px !important;background: #000000 url(https:\/\/www.re-play.ch\/wp-content\/uploads\/2019\/09\/copywriting.jpg?id=13222) !important;background-position: center !important;background-repeat: no-repeat !important;background-size: cover !important;}\u00a0\u00bb][vc_column width=\u00a0\u00bb1\/2&Prime; offset=\u00a0\u00bbvc_col-lg-offset-0 vc_col-md-offset-0&Prime;][\/vc_column][vc_column width=\u00a0\u00bb1\/2&Prime;][vc_column_text]\n<h2><span style=\"color: #ffffff;\">COPYWRITING<\/span><\/h2>\n[\/vc_column_text][vc_separator type=\u00a0\u00bbtransparent\u00a0\u00bb thickness=\u00a0\u00bb0&Prime; up=\u00a0\u00bb61&Prime; down=\u00a0\u00bb0&Prime;][vc_column_text]\n<h5><span style=\"color: #ffffff;\">Gr\u00e2ce \u00e0 une planification minutieuse, des recherches s\u00e9mantiques approfondies et des auteurs talentueux, nous vous proposons des contenus \u00e0 vraies valeurs ajout\u00e9es. Chez Replay, nous proposons des techniques de r\u00e9daction ax\u00e9es sur la Marque et la Conversion.<\/span><\/h5>\n[\/vc_column_text][\/vc_column][\/vc_row]\n","protected":false},"excerpt":{"rendered":"<p>[vc_row full_width=\u00a0\u00bbstretch_row\u00a0\u00bb gap=\u00a0\u00bb10&Prime; full_height=\u00a0\u00bbyes\u00a0\u00bb row_type=\u00a0\u00bbrow\u00a0\u00bb use_row_as_full_screen_section=\u00a0\u00bbyes\u00a0\u00bb type=\u00a0\u00bbgrid\u00a0\u00bb angled_section=\u00a0\u00bbno\u00a0\u00bb text_align=\u00a0\u00bbleft\u00a0\u00bb background_image_as_pattern=\u00a0\u00bbwithout_pattern\u00a0\u00bb z_index=\u00a0\u00bb\u00a0\u00bb css=\u00a0\u00bb.vc_custom_1673270392582{padding-right: 50px !important;padding-left: 50px !important;background: #000000 url(https:\/\/www.re-play.ch\/wp-content\/uploads\/2019\/09\/target.jpg?id=13195) !important;background-position: center !important;background-repeat: no-repeat !important;background-size: cover !important;}\u00a0\u00bb background_image=\u00a0\u00bb13195&Prime;][vc_column width=\u00a0\u00bb1\/2&Prime; offset=\u00a0\u00bbvc_col-lg-offset-0 vc_col-md-offset-0&Prime;][vc_column_text] EMAIL&#8230;<\/p>\n","protected":false},"author":1,"featured_media":0,"parent":0,"menu_order":0,"comment_status":"closed","ping_status":"closed","template":"full_width.php","meta":{"footnotes":""},"_links":{"self":[{"href":"https:\/\/www.re-play.ch\/fr\/wp-json\/wp\/v2\/pages\/19"}],"collection":[{"href":"https:\/\/www.re-play.ch\/fr\/wp-json\/wp\/v2\/pages"}],"about":[{"href":"https:\/\/www.re-play.ch\/fr\/wp-json\/wp\/v2\/types\/page"}],"author":[{"embeddable":true,"href":"https:\/\/www.re-play.ch\/fr\/wp-json\/wp\/v2\/users\/1"}],"replies":[{"embeddable":true,"href":"https:\/\/www.re-play.ch\/fr\/wp-json\/wp\/v2\/comments?post=19"}],"version-history":[{"count":47,"href":"https:\/\/www.re-play.ch\/fr\/wp-json\/wp\/v2\/pages\/19\/revisions"}],"predecessor-version":[{"id":13448,"href":"https:\/\/www.re-play.ch\/fr\/wp-json\/wp\/v2\/pages\/19\/revisions\/13448"}],"wp:attachment":[{"href":"https:\/\/www.re-play.ch\/fr\/wp-json\/wp\/v2\/media?parent=19"}],"curies":[{"name":"wp","href":"https:\/\/api.w.org\/{rel}","templated":true}]}}